{"id":4362,"date":"2025-03-10T14:35:11","date_gmt":"2025-03-10T13:35:11","guid":{"rendered":"https:\/\/www.oblikov.com\/sl\/?page_id=4362"},"modified":"2026-02-10T11:48:32","modified_gmt":"2026-02-10T10:48:32","slug":"politika-zasebnosti","status":"publish","type":"page","link":"https:\/\/www.oblikov.com\/sl\/politika-zasebnosti\/","title":{"rendered":"Politika zasebnosti"},"content":{"rendered":"\t\t<div data-elementor-type=\"wp-page\" data-elementor-id=\"4362\" class=\"elementor elementor-4362\" data-elementor-post-type=\"page\">\n\t\t\t\t<div class=\"elementor-element elementor-element-b201d7e e-con-full e-flex e-con e-parent\" data-id=\"b201d7e\" data-element_type=\"container\" data-e-type=\"container\" data-settings=\"{&quot;background_background&quot;:&quot;classic&quot;}\">\n\t\t\t\t<div class=\"elementor-element elementor-element-2ac0e78 elementor-widget elementor-widget-heading\" data-id=\"2ac0e78\" data-element_type=\"widget\" data-e-type=\"widget\" data-widget_type=\"heading.default\">\n\t\t\t\t<div class=\"elementor-widget-container\">\n\t\t\t\t\t<h2 class=\"elementor-heading-title elementor-size-default\">Politika zasebnosti<\/h2>\t\t\t\t<\/div>\n\t\t\t\t<\/div>\n\t\t\t\t<div class=\"elementor-element elementor-element-15ecbb1 elementor-widget elementor-widget-text-editor\" data-id=\"15ecbb1\" data-element_type=\"widget\" data-e-type=\"widget\" data-widget_type=\"text-editor.default\">\n\t\t\t\t<div class=\"elementor-widget-container\">\n\t\t\t\t\t\t\t\t\t<p data-pm-slice=\"1 1 []\">Nazadnje posodobljeno: 10.2.2026<\/p><p>Sonja \u0160krlj Po\u010dkaj s.p. se zavezuje k varovanju zasebnosti uporabnikov in varnemu ravnanju z osebnimi podatki v skladu z veljavno zakonodajo.<\/p><p><strong>Katere podatke zbiramo?<\/strong><\/p><ul data-spread=\"false\"><li><p>Ime in priimek<\/p><\/li><li><p>E-naslov<\/p><\/li><li><p>Naslov in kontaktni podatki<\/p><\/li><li><p>Podatki o pla\u010dilih (obdelujejo jih zunanji ponudniki pla\u010dil)<\/p><\/li><li><p>Tehni\u010dni podatki o uporabi spletne strani (Google Analytics)<\/p><\/li><\/ul><p><strong>Kako uporabljamo podatke?<\/strong><\/p><ul data-spread=\"false\"><li><p>Za obdelavo in dostavo naro\u010dil<\/p><\/li><li><p>Za po\u0161iljanje promocijskih e-mailov (MailerLite)<\/p><\/li><li><p>Za analizo uporabe spletne strani (Google Analytics)<\/p><\/li><li><p>Za ciljno ogla\u0161evanje (Meta ogla\u0161evanje, Google ogla\u0161evanje)<\/p><\/li><\/ul><p><strong>Kako varujemo podatke?<\/strong><\/p><ul data-spread=\"false\"><li><p>Dostop do osebnih podatkov je omejen in omogo\u010den samo poobla\u0161\u010denim osebam.<\/p><\/li><li><p>Uporabljamo varnostne protokole za za\u0161\u010dito podatkov pred nepoobla\u0161\u010denim dostopom.<\/p><\/li><\/ul><p><strong>Pravice uporabnikov<\/strong><\/p><ul data-spread=\"false\"><li><p>Pravica do dostopa do podatkov<\/p><\/li><li><p>Pravica do popravka ali izbrisa podatkov<\/p><\/li><li><p>Pravica do preklica privolitve za obdelavo podatkov<\/p><\/li><\/ul><p>Za uveljavitev pravic nas kontaktirajte na info@oblikov.com<\/p>\t\t\t\t\t\t\t\t<\/div>\n\t\t\t\t<\/div>\n\t\t\t\t<\/div>\n\t\t\t\t<\/div>\n\t\t","protected":false},"excerpt":{"rendered":"<p>Nazadnje posodobljeno: 10.2.2026 Sonja \u0160krlj Po\u010dkaj s.p. se zavezuje k varovanju zasebnosti uporabnikov in varnemu ravnanju z osebnimi podatki v skladu z veljavno zakonodajo. Katere podatke zbiramo? Ime in priimek E-naslov Naslov in kontaktni podatki Podatki o pla\u010dilih (obdelujejo jih zunanji ponudniki pla\u010dil) Tehni\u010dni podatki o uporabi spletne strani (Google Analytics) Kako uporabljamo podatke? Za [&hellip;]<\/p>\n","protected":false},"author":3,"featured_media":0,"parent":0,"menu_order":0,"comment_status":"closed","ping_status":"closed","template":"","meta":{"footnotes":""},"class_list":["post-4362","page","type-page","status-publish","hentry"],"yoast_head":"<!-- This site is optimized with the Yoast SEO plugin v27.3 - https:\/\/yoast.com\/product\/yoast-seo-wordpress\/ -->\n<title>Politika zasebnosti - Oblikov<\/title>\n<meta name=\"robots\" content=\"noindex, follow\" \/>\n<meta property=\"og:locale\" content=\"sl_SI\" \/>\n<meta property=\"og:type\" content=\"article\" \/>\n<meta property=\"og:title\" content=\"Politika zasebnosti - Oblikov\" \/>\n<meta property=\"og:description\" content=\"Nazadnje posodobljeno: 10.2.2026 Sonja \u0160krlj Po\u010dkaj s.p. se zavezuje k varovanju zasebnosti uporabnikov in varnemu ravnanju z osebnimi podatki v skladu z veljavno zakonodajo. Katere podatke zbiramo? Ime in priimek E-naslov Naslov in kontaktni podatki Podatki o pla\u010dilih (obdelujejo jih zunanji ponudniki pla\u010dil) Tehni\u010dni podatki o uporabi spletne strani (Google Analytics) Kako uporabljamo podatke? Za [&hellip;]\" \/>\n<meta property=\"og:url\" content=\"https:\/\/www.oblikov.com\/sl\/politika-zasebnosti\/\" \/>\n<meta property=\"og:site_name\" content=\"Oblikov\" \/>\n<meta property=\"article:publisher\" content=\"https:\/\/www.facebook.com\/share\/18hZFzpHWe\/?mibextid=wwXIfr\" \/>\n<meta property=\"article:modified_time\" content=\"2026-02-10T10:48:32+00:00\" \/>\n<meta name=\"twitter:card\" content=\"summary_large_image\" \/>\n<meta name=\"twitter:label1\" content=\"Est. reading time\" \/>\n\t<meta name=\"twitter:data1\" content=\"1 minuta\" \/>\n<script type=\"application\/ld+json\" class=\"yoast-schema-graph\">{\"@context\":\"https:\\\/\\\/schema.org\",\"@graph\":[{\"@type\":\"WebPage\",\"@id\":\"https:\\\/\\\/www.oblikov.com\\\/sl\\\/politika-zasebnosti\\\/\",\"url\":\"https:\\\/\\\/www.oblikov.com\\\/sl\\\/politika-zasebnosti\\\/\",\"name\":\"Politika zasebnosti - Oblikov\",\"isPartOf\":{\"@id\":\"https:\\\/\\\/www.oblikov.com\\\/sl\\\/#website\"},\"datePublished\":\"2025-03-10T13:35:11+00:00\",\"dateModified\":\"2026-02-10T10:48:32+00:00\",\"breadcrumb\":{\"@id\":\"https:\\\/\\\/www.oblikov.com\\\/sl\\\/politika-zasebnosti\\\/#breadcrumb\"},\"inLanguage\":\"sl-SI\",\"potentialAction\":[{\"@type\":\"ReadAction\",\"target\":[\"https:\\\/\\\/www.oblikov.com\\\/sl\\\/politika-zasebnosti\\\/\"]}]},{\"@type\":\"BreadcrumbList\",\"@id\":\"https:\\\/\\\/www.oblikov.com\\\/sl\\\/politika-zasebnosti\\\/#breadcrumb\",\"itemListElement\":[{\"@type\":\"ListItem\",\"position\":1,\"name\":\"Home\",\"item\":\"https:\\\/\\\/www.oblikov.com\\\/sl\\\/\"},{\"@type\":\"ListItem\",\"position\":2,\"name\":\"Politika zasebnosti\"}]},{\"@type\":\"WebSite\",\"@id\":\"https:\\\/\\\/www.oblikov.com\\\/sl\\\/#website\",\"url\":\"https:\\\/\\\/www.oblikov.com\\\/sl\\\/\",\"name\":\"Oblikov | Spletne strani & marketin\u0161ki material\",\"description\":\"Tvoja lastna zunanja kreativna ekipa\",\"publisher\":{\"@id\":\"https:\\\/\\\/www.oblikov.com\\\/sl\\\/#organization\"},\"potentialAction\":[{\"@type\":\"SearchAction\",\"target\":{\"@type\":\"EntryPoint\",\"urlTemplate\":\"https:\\\/\\\/www.oblikov.com\\\/sl\\\/?s={search_term_string}\"},\"query-input\":{\"@type\":\"PropertyValueSpecification\",\"valueRequired\":true,\"valueName\":\"search_term_string\"}}],\"inLanguage\":\"sl-SI\"},{\"@type\":\"Organization\",\"@id\":\"https:\\\/\\\/www.oblikov.com\\\/sl\\\/#organization\",\"name\":\"Oblikov | Spletne strani & marketin\u0161ki material\",\"url\":\"https:\\\/\\\/www.oblikov.com\\\/sl\\\/\",\"logo\":{\"@type\":\"ImageObject\",\"inLanguage\":\"sl-SI\",\"@id\":\"https:\\\/\\\/www.oblikov.com\\\/sl\\\/#\\\/schema\\\/logo\\\/image\\\/\",\"url\":\"https:\\\/\\\/www.oblikov.com\\\/sl\\\/wp-content\\\/uploads\\\/Oblikov-Logo.webp\",\"contentUrl\":\"https:\\\/\\\/www.oblikov.com\\\/sl\\\/wp-content\\\/uploads\\\/Oblikov-Logo.webp\",\"width\":540,\"height\":540,\"caption\":\"Oblikov | Spletne strani & marketin\u0161ki material\"},\"image\":{\"@id\":\"https:\\\/\\\/www.oblikov.com\\\/sl\\\/#\\\/schema\\\/logo\\\/image\\\/\"},\"sameAs\":[\"https:\\\/\\\/www.facebook.com\\\/share\\\/18hZFzpHWe\\\/?mibextid=wwXIfr\",\"https:\\\/\\\/www.instagram.com\\\/oblikov_agency?igsh=ODVrZDZ4NzYxbndu\"]}]}<\/script>\n<!-- \/ Yoast SEO plugin. -->","yoast_head_json":{"title":"Politika zasebnosti - Oblikov","robots":{"index":"noindex","follow":"follow"},"og_locale":"sl_SI","og_type":"article","og_title":"Politika zasebnosti - Oblikov","og_description":"Nazadnje posodobljeno: 10.2.2026 Sonja \u0160krlj Po\u010dkaj s.p. se zavezuje k varovanju zasebnosti uporabnikov in varnemu ravnanju z osebnimi podatki v skladu z veljavno zakonodajo. Katere podatke zbiramo? Ime in priimek E-naslov Naslov in kontaktni podatki Podatki o pla\u010dilih (obdelujejo jih zunanji ponudniki pla\u010dil) Tehni\u010dni podatki o uporabi spletne strani (Google Analytics) Kako uporabljamo podatke? Za [&hellip;]","og_url":"https:\/\/www.oblikov.com\/sl\/politika-zasebnosti\/","og_site_name":"Oblikov","article_publisher":"https:\/\/www.facebook.com\/share\/18hZFzpHWe\/?mibextid=wwXIfr","article_modified_time":"2026-02-10T10:48:32+00:00","twitter_card":"summary_large_image","twitter_misc":{"Est. reading time":"1 minuta"},"schema":{"@context":"https:\/\/schema.org","@graph":[{"@type":"WebPage","@id":"https:\/\/www.oblikov.com\/sl\/politika-zasebnosti\/","url":"https:\/\/www.oblikov.com\/sl\/politika-zasebnosti\/","name":"Politika zasebnosti - Oblikov","isPartOf":{"@id":"https:\/\/www.oblikov.com\/sl\/#website"},"datePublished":"2025-03-10T13:35:11+00:00","dateModified":"2026-02-10T10:48:32+00:00","breadcrumb":{"@id":"https:\/\/www.oblikov.com\/sl\/politika-zasebnosti\/#breadcrumb"},"inLanguage":"sl-SI","potentialAction":[{"@type":"ReadAction","target":["https:\/\/www.oblikov.com\/sl\/politika-zasebnosti\/"]}]},{"@type":"BreadcrumbList","@id":"https:\/\/www.oblikov.com\/sl\/politika-zasebnosti\/#breadcrumb","itemListElement":[{"@type":"ListItem","position":1,"name":"Home","item":"https:\/\/www.oblikov.com\/sl\/"},{"@type":"ListItem","position":2,"name":"Politika zasebnosti"}]},{"@type":"WebSite","@id":"https:\/\/www.oblikov.com\/sl\/#website","url":"https:\/\/www.oblikov.com\/sl\/","name":"Oblikov | Spletne strani & marketin\u0161ki material","description":"Tvoja lastna zunanja kreativna ekipa","publisher":{"@id":"https:\/\/www.oblikov.com\/sl\/#organization"},"potentialAction":[{"@type":"SearchAction","target":{"@type":"EntryPoint","urlTemplate":"https:\/\/www.oblikov.com\/sl\/?s={search_term_string}"},"query-input":{"@type":"PropertyValueSpecification","valueRequired":true,"valueName":"search_term_string"}}],"inLanguage":"sl-SI"},{"@type":"Organization","@id":"https:\/\/www.oblikov.com\/sl\/#organization","name":"Oblikov | Spletne strani & marketin\u0161ki material","url":"https:\/\/www.oblikov.com\/sl\/","logo":{"@type":"ImageObject","inLanguage":"sl-SI","@id":"https:\/\/www.oblikov.com\/sl\/#\/schema\/logo\/image\/","url":"https:\/\/www.oblikov.com\/sl\/wp-content\/uploads\/Oblikov-Logo.webp","contentUrl":"https:\/\/www.oblikov.com\/sl\/wp-content\/uploads\/Oblikov-Logo.webp","width":540,"height":540,"caption":"Oblikov | Spletne strani & marketin\u0161ki material"},"image":{"@id":"https:\/\/www.oblikov.com\/sl\/#\/schema\/logo\/image\/"},"sameAs":["https:\/\/www.facebook.com\/share\/18hZFzpHWe\/?mibextid=wwXIfr","https:\/\/www.instagram.com\/oblikov_agency?igsh=ODVrZDZ4NzYxbndu"]}]}},"_links":{"self":[{"href":"https:\/\/www.oblikov.com\/sl\/wp-json\/wp\/v2\/pages\/4362","targetHints":{"allow":["GET"]}}],"collection":[{"href":"https:\/\/www.oblikov.com\/sl\/wp-json\/wp\/v2\/pages"}],"about":[{"href":"https:\/\/www.oblikov.com\/sl\/wp-json\/wp\/v2\/types\/page"}],"author":[{"embeddable":true,"href":"https:\/\/www.oblikov.com\/sl\/wp-json\/wp\/v2\/users\/3"}],"replies":[{"embeddable":true,"href":"https:\/\/www.oblikov.com\/sl\/wp-json\/wp\/v2\/comments?post=4362"}],"version-history":[{"count":28,"href":"https:\/\/www.oblikov.com\/sl\/wp-json\/wp\/v2\/pages\/4362\/revisions"}],"predecessor-version":[{"id":7000,"href":"https:\/\/www.oblikov.com\/sl\/wp-json\/wp\/v2\/pages\/4362\/revisions\/7000"}],"wp:attachment":[{"href":"https:\/\/www.oblikov.com\/sl\/wp-json\/wp\/v2\/media?parent=4362"}],"curies":[{"name":"wp","href":"https:\/\/api.w.org\/{rel}","templated":true}]}}