{"id":4370,"date":"2025-03-10T14:38:34","date_gmt":"2025-03-10T13:38:34","guid":{"rendered":"https:\/\/www.oblikov.com\/sl\/?page_id=4370"},"modified":"2026-02-10T11:48:57","modified_gmt":"2026-02-10T10:48:57","slug":"pogoji-poslovanja","status":"publish","type":"page","link":"https:\/\/www.oblikov.com\/sl\/pogoji-poslovanja\/","title":{"rendered":"Pogoji poslovanja"},"content":{"rendered":"\t\t<div data-elementor-type=\"wp-page\" data-elementor-id=\"4370\" class=\"elementor elementor-4370\" data-elementor-post-type=\"page\">\n\t\t\t\t<div class=\"elementor-element elementor-element-01ed8bb e-con-full e-flex e-con e-parent\" data-id=\"01ed8bb\" data-element_type=\"container\" data-e-type=\"container\" data-settings=\"{&quot;background_background&quot;:&quot;classic&quot;}\">\n\t\t\t\t<div class=\"elementor-element elementor-element-976ee51 elementor-widget elementor-widget-heading\" data-id=\"976ee51\" data-element_type=\"widget\" data-e-type=\"widget\" data-widget_type=\"heading.default\">\n\t\t\t\t<div class=\"elementor-widget-container\">\n\t\t\t\t\t<h2 class=\"elementor-heading-title elementor-size-default\">Pogoji poslovanja<\/h2>\t\t\t\t<\/div>\n\t\t\t\t<\/div>\n\t\t\t\t<div class=\"elementor-element elementor-element-babfb05 elementor-widget elementor-widget-text-editor\" data-id=\"babfb05\" data-element_type=\"widget\" data-e-type=\"widget\" data-widget_type=\"text-editor.default\">\n\t\t\t\t<div class=\"elementor-widget-container\">\n\t\t\t\t\t\t\t\t\t<p data-pm-slice=\"1 1 []\">Nazadnje posodobljeno: 10.2.2026<\/p><p><strong>1. Splo\u0161ne dolo\u010dbe<\/strong><\/p><p>Ti pogoji poslovanja urejajo uporabo spletne strani <a>www.oblikov.com\/sl<\/a> in storitev Sonja \u0160krlj Po\u010dkaj s.p.<\/p><p><strong>2. Naro\u010danje in pla\u010dila<\/strong><\/p><ul data-spread=\"false\"><li><p>Stranka izbere \u017eeleno storitev in zaklju\u010di nakup preko spletne strani.<\/p><\/li><li><p>Pla\u010dila so mogo\u010da s kreditnimi\/debetnimi karticami in PayPal-om.<\/p><\/li><li><p>Po zaklju\u010dku nakupa stranka prejme navodila za posredovanje dodatnih informacij.<\/p><\/li><\/ul><p><strong>3. Rok izvedbe<\/strong><\/p><ul data-spread=\"false\"><li><p>Povpre\u010dni \u010das izdelave je naveden pri vsaki storitvi.<\/p><\/li><li><p>V primeru zamud bo stranka pravo\u010dasno obve\u0161\u010dena.<\/p><\/li><\/ul><p><strong>4. Popravki in vra\u010dila<\/strong><\/p><ul data-spread=\"false\"><li><p>Vsaka storitev vklju\u010duje dolo\u010deno \u0161tevilo brezpla\u010dnih popravkov.<\/p><\/li><li><p>Dodatni popravki so mogo\u010di z dopla\u010dilom.<\/p><\/li><li><p>V primeru nezadovoljstva se upo\u0161teva politika vra\u010dil.<\/p><\/li><\/ul><p><strong>5. Avtorske pravice<\/strong><\/p><ul data-spread=\"false\"><li><p>Vse vsebine, ustvarjene v okviru storitev, so last naro\u010dnika po izvedbi pla\u010dila.<\/p><\/li><li><p>Oblikov si pridru\u017euje pravico do uporabe projektov v svojem portfelju, razen \u010de naro\u010dnik izrecno zahteva druga\u010de.<\/p><\/li><\/ul><p><strong>6. Omejitev odgovornosti<\/strong><\/p><ul data-spread=\"false\"><li><p>Ponudnik ne odgovarja za morebitne napake v vsebinah, ki jih posreduje stranka.<\/p><\/li><li><p>Ne prevzemamo odgovornosti za posledice uporabe kon\u010dnih izdelkov.<\/p><\/li><\/ul><p>Za vpra\u0161anja in podporo smo dosegljivi na info@oblikov.com.<\/p>\t\t\t\t\t\t\t\t<\/div>\n\t\t\t\t<\/div>\n\t\t\t\t<\/div>\n\t\t\t\t<\/div>\n\t\t","protected":false},"excerpt":{"rendered":"<p>Nazadnje posodobljeno: 10.2.2026 1. Splo\u0161ne dolo\u010dbe Ti pogoji poslovanja urejajo uporabo spletne strani www.oblikov.com\/sl in storitev Sonja \u0160krlj Po\u010dkaj s.p. 2. Naro\u010danje in pla\u010dila Stranka izbere \u017eeleno storitev in zaklju\u010di nakup preko spletne strani. Pla\u010dila so mogo\u010da s kreditnimi\/debetnimi karticami in PayPal-om. Po zaklju\u010dku nakupa stranka prejme navodila za posredovanje dodatnih informacij. 3. Rok izvedbe [&hellip;]<\/p>\n","protected":false},"author":3,"featured_media":0,"parent":0,"menu_order":0,"comment_status":"closed","ping_status":"closed","template":"","meta":{"footnotes":""},"class_list":["post-4370","page","type-page","status-publish","hentry"],"yoast_head":"<!-- This site is optimized with the Yoast SEO plugin v27.3 - https:\/\/yoast.com\/product\/yoast-seo-wordpress\/ -->\n<title>Pogoji poslovanja - Oblikov<\/title>\n<meta name=\"robots\" content=\"noindex, follow\" \/>\n<meta property=\"og:locale\" content=\"sl_SI\" \/>\n<meta property=\"og:type\" content=\"article\" \/>\n<meta property=\"og:title\" content=\"Pogoji poslovanja - Oblikov\" \/>\n<meta property=\"og:description\" content=\"Nazadnje posodobljeno: 10.2.2026 1. Splo\u0161ne dolo\u010dbe Ti pogoji poslovanja urejajo uporabo spletne strani www.oblikov.com\/sl in storitev Sonja \u0160krlj Po\u010dkaj s.p. 2. Naro\u010danje in pla\u010dila Stranka izbere \u017eeleno storitev in zaklju\u010di nakup preko spletne strani. Pla\u010dila so mogo\u010da s kreditnimi\/debetnimi karticami in PayPal-om. Po zaklju\u010dku nakupa stranka prejme navodila za posredovanje dodatnih informacij. 3. Rok izvedbe [&hellip;]\" \/>\n<meta property=\"og:url\" content=\"https:\/\/www.oblikov.com\/sl\/pogoji-poslovanja\/\" \/>\n<meta property=\"og:site_name\" content=\"Oblikov\" \/>\n<meta property=\"article:publisher\" content=\"https:\/\/www.facebook.com\/share\/18hZFzpHWe\/?mibextid=wwXIfr\" \/>\n<meta property=\"article:modified_time\" content=\"2026-02-10T10:48:57+00:00\" \/>\n<meta name=\"twitter:card\" content=\"summary_large_image\" \/>\n<meta name=\"twitter:label1\" content=\"Est. reading time\" \/>\n\t<meta name=\"twitter:data1\" content=\"1 minuta\" \/>\n<script type=\"application\/ld+json\" class=\"yoast-schema-graph\">{\"@context\":\"https:\\\/\\\/schema.org\",\"@graph\":[{\"@type\":\"WebPage\",\"@id\":\"https:\\\/\\\/www.oblikov.com\\\/sl\\\/pogoji-poslovanja\\\/\",\"url\":\"https:\\\/\\\/www.oblikov.com\\\/sl\\\/pogoji-poslovanja\\\/\",\"name\":\"Pogoji poslovanja - Oblikov\",\"isPartOf\":{\"@id\":\"https:\\\/\\\/www.oblikov.com\\\/sl\\\/#website\"},\"datePublished\":\"2025-03-10T13:38:34+00:00\",\"dateModified\":\"2026-02-10T10:48:57+00:00\",\"breadcrumb\":{\"@id\":\"https:\\\/\\\/www.oblikov.com\\\/sl\\\/pogoji-poslovanja\\\/#breadcrumb\"},\"inLanguage\":\"sl-SI\",\"potentialAction\":[{\"@type\":\"ReadAction\",\"target\":[\"https:\\\/\\\/www.oblikov.com\\\/sl\\\/pogoji-poslovanja\\\/\"]}]},{\"@type\":\"BreadcrumbList\",\"@id\":\"https:\\\/\\\/www.oblikov.com\\\/sl\\\/pogoji-poslovanja\\\/#breadcrumb\",\"itemListElement\":[{\"@type\":\"ListItem\",\"position\":1,\"name\":\"Home\",\"item\":\"https:\\\/\\\/www.oblikov.com\\\/sl\\\/\"},{\"@type\":\"ListItem\",\"position\":2,\"name\":\"Pogoji poslovanja\"}]},{\"@type\":\"WebSite\",\"@id\":\"https:\\\/\\\/www.oblikov.com\\\/sl\\\/#website\",\"url\":\"https:\\\/\\\/www.oblikov.com\\\/sl\\\/\",\"name\":\"Oblikov | Spletne strani & marketin\u0161ki material\",\"description\":\"Tvoja lastna zunanja kreativna ekipa\",\"publisher\":{\"@id\":\"https:\\\/\\\/www.oblikov.com\\\/sl\\\/#organization\"},\"potentialAction\":[{\"@type\":\"SearchAction\",\"target\":{\"@type\":\"EntryPoint\",\"urlTemplate\":\"https:\\\/\\\/www.oblikov.com\\\/sl\\\/?s={search_term_string}\"},\"query-input\":{\"@type\":\"PropertyValueSpecification\",\"valueRequired\":true,\"valueName\":\"search_term_string\"}}],\"inLanguage\":\"sl-SI\"},{\"@type\":\"Organization\",\"@id\":\"https:\\\/\\\/www.oblikov.com\\\/sl\\\/#organization\",\"name\":\"Oblikov | Spletne strani & marketin\u0161ki material\",\"url\":\"https:\\\/\\\/www.oblikov.com\\\/sl\\\/\",\"logo\":{\"@type\":\"ImageObject\",\"inLanguage\":\"sl-SI\",\"@id\":\"https:\\\/\\\/www.oblikov.com\\\/sl\\\/#\\\/schema\\\/logo\\\/image\\\/\",\"url\":\"https:\\\/\\\/www.oblikov.com\\\/sl\\\/wp-content\\\/uploads\\\/Oblikov-Logo.webp\",\"contentUrl\":\"https:\\\/\\\/www.oblikov.com\\\/sl\\\/wp-content\\\/uploads\\\/Oblikov-Logo.webp\",\"width\":540,\"height\":540,\"caption\":\"Oblikov | Spletne strani & marketin\u0161ki material\"},\"image\":{\"@id\":\"https:\\\/\\\/www.oblikov.com\\\/sl\\\/#\\\/schema\\\/logo\\\/image\\\/\"},\"sameAs\":[\"https:\\\/\\\/www.facebook.com\\\/share\\\/18hZFzpHWe\\\/?mibextid=wwXIfr\",\"https:\\\/\\\/www.instagram.com\\\/oblikov_agency?igsh=ODVrZDZ4NzYxbndu\"]}]}<\/script>\n<!-- \/ Yoast SEO plugin. -->","yoast_head_json":{"title":"Pogoji poslovanja - Oblikov","robots":{"index":"noindex","follow":"follow"},"og_locale":"sl_SI","og_type":"article","og_title":"Pogoji poslovanja - Oblikov","og_description":"Nazadnje posodobljeno: 10.2.2026 1. Splo\u0161ne dolo\u010dbe Ti pogoji poslovanja urejajo uporabo spletne strani www.oblikov.com\/sl in storitev Sonja \u0160krlj Po\u010dkaj s.p. 2. Naro\u010danje in pla\u010dila Stranka izbere \u017eeleno storitev in zaklju\u010di nakup preko spletne strani. Pla\u010dila so mogo\u010da s kreditnimi\/debetnimi karticami in PayPal-om. Po zaklju\u010dku nakupa stranka prejme navodila za posredovanje dodatnih informacij. 3. Rok izvedbe [&hellip;]","og_url":"https:\/\/www.oblikov.com\/sl\/pogoji-poslovanja\/","og_site_name":"Oblikov","article_publisher":"https:\/\/www.facebook.com\/share\/18hZFzpHWe\/?mibextid=wwXIfr","article_modified_time":"2026-02-10T10:48:57+00:00","twitter_card":"summary_large_image","twitter_misc":{"Est. reading time":"1 minuta"},"schema":{"@context":"https:\/\/schema.org","@graph":[{"@type":"WebPage","@id":"https:\/\/www.oblikov.com\/sl\/pogoji-poslovanja\/","url":"https:\/\/www.oblikov.com\/sl\/pogoji-poslovanja\/","name":"Pogoji poslovanja - Oblikov","isPartOf":{"@id":"https:\/\/www.oblikov.com\/sl\/#website"},"datePublished":"2025-03-10T13:38:34+00:00","dateModified":"2026-02-10T10:48:57+00:00","breadcrumb":{"@id":"https:\/\/www.oblikov.com\/sl\/pogoji-poslovanja\/#breadcrumb"},"inLanguage":"sl-SI","potentialAction":[{"@type":"ReadAction","target":["https:\/\/www.oblikov.com\/sl\/pogoji-poslovanja\/"]}]},{"@type":"BreadcrumbList","@id":"https:\/\/www.oblikov.com\/sl\/pogoji-poslovanja\/#breadcrumb","itemListElement":[{"@type":"ListItem","position":1,"name":"Home","item":"https:\/\/www.oblikov.com\/sl\/"},{"@type":"ListItem","position":2,"name":"Pogoji poslovanja"}]},{"@type":"WebSite","@id":"https:\/\/www.oblikov.com\/sl\/#website","url":"https:\/\/www.oblikov.com\/sl\/","name":"Oblikov | Spletne strani & marketin\u0161ki material","description":"Tvoja lastna zunanja kreativna ekipa","publisher":{"@id":"https:\/\/www.oblikov.com\/sl\/#organization"},"potentialAction":[{"@type":"SearchAction","target":{"@type":"EntryPoint","urlTemplate":"https:\/\/www.oblikov.com\/sl\/?s={search_term_string}"},"query-input":{"@type":"PropertyValueSpecification","valueRequired":true,"valueName":"search_term_string"}}],"inLanguage":"sl-SI"},{"@type":"Organization","@id":"https:\/\/www.oblikov.com\/sl\/#organization","name":"Oblikov | Spletne strani & marketin\u0161ki material","url":"https:\/\/www.oblikov.com\/sl\/","logo":{"@type":"ImageObject","inLanguage":"sl-SI","@id":"https:\/\/www.oblikov.com\/sl\/#\/schema\/logo\/image\/","url":"https:\/\/www.oblikov.com\/sl\/wp-content\/uploads\/Oblikov-Logo.webp","contentUrl":"https:\/\/www.oblikov.com\/sl\/wp-content\/uploads\/Oblikov-Logo.webp","width":540,"height":540,"caption":"Oblikov | Spletne strani & marketin\u0161ki material"},"image":{"@id":"https:\/\/www.oblikov.com\/sl\/#\/schema\/logo\/image\/"},"sameAs":["https:\/\/www.facebook.com\/share\/18hZFzpHWe\/?mibextid=wwXIfr","https:\/\/www.instagram.com\/oblikov_agency?igsh=ODVrZDZ4NzYxbndu"]}]}},"_links":{"self":[{"href":"https:\/\/www.oblikov.com\/sl\/wp-json\/wp\/v2\/pages\/4370","targetHints":{"allow":["GET"]}}],"collection":[{"href":"https:\/\/www.oblikov.com\/sl\/wp-json\/wp\/v2\/pages"}],"about":[{"href":"https:\/\/www.oblikov.com\/sl\/wp-json\/wp\/v2\/types\/page"}],"author":[{"embeddable":true,"href":"https:\/\/www.oblikov.com\/sl\/wp-json\/wp\/v2\/users\/3"}],"replies":[{"embeddable":true,"href":"https:\/\/www.oblikov.com\/sl\/wp-json\/wp\/v2\/comments?post=4370"}],"version-history":[{"count":34,"href":"https:\/\/www.oblikov.com\/sl\/wp-json\/wp\/v2\/pages\/4370\/revisions"}],"predecessor-version":[{"id":7003,"href":"https:\/\/www.oblikov.com\/sl\/wp-json\/wp\/v2\/pages\/4370\/revisions\/7003"}],"wp:attachment":[{"href":"https:\/\/www.oblikov.com\/sl\/wp-json\/wp\/v2\/media?parent=4370"}],"curies":[{"name":"wp","href":"https:\/\/api.w.org\/{rel}","templated":true}]}}